{"id":614,"date":"2019-02-26T19:09:39","date_gmt":"2019-02-26T18:09:39","guid":{"rendered":"https:\/\/maiido.com\/eleclerc\/chatellerault\/recherche-produits-2\/"},"modified":"2019-11-20T14:17:48","modified_gmt":"2019-11-20T13:17:48","slug":"recherche-produits","status":"publish","type":"page","link":"https:\/\/www.maiido.com\/eleclerc\/chatellerault\/","title":{"rendered":"Recherche produits"},"content":{"rendered":"\n    <div class=\"kooki_isl_navbar\">\n        <div class=\"container\">\n            <div class=\"home_button\"><a class=\"rounded_button\" href=\"https:\/\/www.maiido.com\/eleclerc\/chatellerault\">Accueil<\/a><\/div>\n            <div><\/div>\n            <div class=\"top_button\">\n                <a class=\"rounded_button plan-site\" id=\"btnOpenPlan_0\" href=\"#\">\n                    Plan du magasin        \n                    <div class=\"url_image_allee\" style=\"display: none;\">\n                        <img decoding=\"async\" src=\"https:\/\/www.maiido.com\/eleclerc\/chatellerault\/wp-content\/uploads\/img_base.svg\">\n                    <\/div>\n                <\/a>\n            <\/div>\n        <\/div>\n        <div class=\"container\">\n            <div class=\"home_button\"><a class=\"rounded_button\" href=\"Javascript:window.history.back();\">Retour<\/a><\/div>\n            <div><\/div>\n            <div class=\"top_button\"><a class=\"rounded_button\" href=\"#top\">Produits les plus recherch\u00e9s<\/a><\/div>\n        <\/div>\n        <div class=\"container\">\n            <div class=\"breadcrumb\">\n            \n            <\/div>\n        <\/div>\n    <\/div>\n    <main id=\"main\" class=\"site-main\">\n\n        <!-- The Modal -->\n        <div id=\"myModal\" class=\"modal\">\n          <div class=\"modal-content\">\n            <div class=\"close\"><span class=\"modal-close-cross\"> &times;<\/span><\/div>\n            <div id=\"modal-content\" class=\"image-plan-container\"><\/div>\n          <\/div>\n        <\/div>\n        \n        <div class=\"main-container\">\n            <div class=\"kooki_isl_search container\"><ul class=\"kooki_isl_categories\"><li><a href=\"https:\/\/www.maiido.com\/eleclerc\/chatellerault\/recherche-produits?cid=15\"><div class=\"container_catimg\"><img decoding=\"async\" src=\"https:\/\/www.maiido.com\/eleclerc\/chatellerault\/wp-content\/uploads\/cat_animalerie.jpg\" \/><\/div><span>\ufeffAnimalerie<\/span><\/a><\/li><li><a href=\"https:\/\/www.maiido.com\/eleclerc\/chatellerault\/recherche-produits?cid=126\"><div class=\"container_catimg\"><img decoding=\"async\" src=\"https:\/\/www.maiido.com\/eleclerc\/chatellerault\/wp-content\/uploads\/cat_bazar.jpg\" \/><\/div><span>Bazar<\/span><\/a><\/li><li><a href=\"https:\/\/www.maiido.com\/eleclerc\/chatellerault\/recherche-produits?cid=347\"><div class=\"container_catimg\"><img decoding=\"async\" src=\"https:\/\/www.maiido.com\/eleclerc\/chatellerault\/wp-content\/plugins\/kooki_inshoplive\/includes\/\/no_image.jpg\" \/><\/div><span>bio<\/span><\/a><\/li><li><a href=\"https:\/\/www.maiido.com\/eleclerc\/chatellerault\/recherche-produits?cid=35\"><div class=\"container_catimg\"><img decoding=\"async\" src=\"https:\/\/www.maiido.com\/eleclerc\/chatellerault\/wp-content\/uploads\/cat_boisson.jpg\" \/><\/div><span>Boissons<\/span><\/a><\/li><li><a href=\"https:\/\/www.maiido.com\/eleclerc\/chatellerault\/recherche-produits?cid=43\"><div class=\"container_catimg\"><img decoding=\"async\" src=\"https:\/\/www.maiido.com\/eleclerc\/chatellerault\/wp-content\/uploads\/cat_entretien.jpg\" \/><\/div><span>Entretien Nettoyage<\/span><\/a><\/li><li><a href=\"https:\/\/www.maiido.com\/eleclerc\/chatellerault\/recherche-produits?cid=50\"><div class=\"container_catimg\"><img decoding=\"async\" src=\"https:\/\/www.maiido.com\/eleclerc\/chatellerault\/wp-content\/uploads\/cat_epiceriesale.jpg\" \/><\/div><span>Epicerie sal\u00e9e<\/span><\/a><\/li><li><a href=\"https:\/\/www.maiido.com\/eleclerc\/chatellerault\/recherche-produits?cid=59\"><div class=\"container_catimg\"><img decoding=\"async\" src=\"https:\/\/www.maiido.com\/eleclerc\/chatellerault\/wp-content\/uploads\/cat_epiceriesucre.jpg\" \/><\/div><span>Epicerie sucr\u00e9e<\/span><\/a><\/li><li><a href=\"https:\/\/www.maiido.com\/eleclerc\/chatellerault\/recherche-produits?cid=67\"><div class=\"container_catimg\"><img decoding=\"async\" src=\"https:\/\/www.maiido.com\/eleclerc\/chatellerault\/wp-content\/uploads\/cat_frais.jpg\" \/><\/div><span>Frais<\/span><\/a><\/li><li><a href=\"https:\/\/www.maiido.com\/eleclerc\/chatellerault\/recherche-produits?cid=76\"><div class=\"container_catimg\"><img decoding=\"async\" src=\"https:\/\/www.maiido.com\/eleclerc\/chatellerault\/wp-content\/uploads\/cat_fruit.jpg\" \/><\/div><span>Fruits L\u00e9gumes<\/span><\/a><\/li><li><a href=\"https:\/\/www.maiido.com\/eleclerc\/chatellerault\/recherche-produits?cid=348\"><div class=\"container_catimg\"><img decoding=\"async\" src=\"https:\/\/www.maiido.com\/eleclerc\/chatellerault\/wp-content\/plugins\/kooki_inshoplive\/includes\/\/no_image.jpg\" \/><\/div><span>Galerie<\/span><\/a><\/li><li><a href=\"https:\/\/www.maiido.com\/eleclerc\/chatellerault\/recherche-produits?cid=81\"><div class=\"container_catimg\"><img decoding=\"async\" src=\"https:\/\/www.maiido.com\/eleclerc\/chatellerault\/wp-content\/uploads\/cat_beaute.jpg\" \/><\/div><span>Hygi\u00e8ne Beaut\u00e9<\/span><\/a><\/li><li><a href=\"https:\/\/www.maiido.com\/eleclerc\/chatellerault\/recherche-produits?cid=226\"><div class=\"container_catimg\"><img decoding=\"async\" src=\"https:\/\/www.maiido.com\/eleclerc\/chatellerault\/wp-content\/uploads\/marche-bio.png\" \/><\/div><span>Le March\u00e9 bio<\/span><\/a><\/li><li><a href=\"https:\/\/www.maiido.com\/eleclerc\/chatellerault\/recherche-produits?cid=90\"><div class=\"container_catimg\"><img decoding=\"async\" src=\"https:\/\/www.maiido.com\/eleclerc\/chatellerault\/wp-content\/uploads\/cat_pain.jpg\" \/><\/div><span>Pains P\u00e2tisseries<\/span><\/a><\/li><li><a href=\"https:\/\/www.maiido.com\/eleclerc\/chatellerault\/recherche-produits?cid=319\"><div class=\"container_catimg\"><img decoding=\"async\" src=\"https:\/\/www.maiido.com\/eleclerc\/chatellerault\/wp-content\/uploads\/11-07-parapharmacie.jpg\" \/><\/div><span>Parapharmacie<\/span><\/a><\/li><li><a href=\"https:\/\/www.maiido.com\/eleclerc\/chatellerault\/recherche-produits?cid=104\"><div class=\"container_catimg\"><img decoding=\"async\" src=\"https:\/\/www.maiido.com\/eleclerc\/chatellerault\/wp-content\/uploads\/cat_surgeles.jpg\" \/><\/div><span>Surgel\u00e9s<\/span><\/a><\/li><li><a href=\"https:\/\/www.maiido.com\/eleclerc\/chatellerault\/recherche-produits?cid=243\"><div class=\"container_catimg\"><img decoding=\"async\" src=\"https:\/\/www.maiido.com\/eleclerc\/chatellerault\/wp-content\/uploads\/chaussures-et-textiles.png\" \/><\/div><span>Textile &amp; Chaussures<\/span><\/a><\/li><li><a href=\"https:\/\/www.maiido.com\/eleclerc\/chatellerault\/recherche-produits?cid=223\"><div class=\"container_catimg\"><img decoding=\"async\" src=\"https:\/\/www.maiido.com\/eleclerc\/chatellerault\/wp-content\/uploads\/bebe-site.png\" \/><\/div><span>Univers B\u00e9b\u00e9<\/span><\/a><\/li><li><a href=\"https:\/\/www.maiido.com\/eleclerc\/chatellerault\/recherche-produits?cid=328\"><div class=\"container_catimg\"><img decoding=\"async\" src=\"https:\/\/www.maiido.com\/eleclerc\/chatellerault\/wp-content\/uploads\/14-02-cuisine-et-vaisselle.jpg\" \/><\/div><span>Univers de la Maison<\/span><\/a><\/li><li><a href=\"https:\/\/www.maiido.com\/eleclerc\/chatellerault\/recherche-produits?cid=112\"><div class=\"container_catimg\"><img decoding=\"async\" src=\"https:\/\/www.maiido.com\/eleclerc\/chatellerault\/wp-content\/uploads\/cat_viande.jpg\" \/><\/div><span>Viandes Poissons<\/span><\/a><\/li><li><a href=\"https:\/\/www.maiido.com\/eleclerc\/chatellerault\/recherche-produits?cid=340\"><div class=\"container_catimg\"><img decoding=\"async\" src=\"https:\/\/www.maiido.com\/eleclerc\/chatellerault\/wp-content\/uploads\/fleurs.png\" \/><\/div><span>X) Clorofile<\/span><\/a><\/li><li><a href=\"https:\/\/www.maiido.com\/eleclerc\/chatellerault\/recherche-produits?cid=336\"><div class=\"container_catimg\"><img decoding=\"async\" src=\"https:\/\/www.maiido.com\/eleclerc\/chatellerault\/wp-content\/uploads\/espace-culturel-2.png\" \/><\/div><span>X) Culturel<\/span><\/a><\/li><li><a href=\"https:\/\/www.maiido.com\/eleclerc\/chatellerault\/recherche-produits?cid=338\"><div class=\"container_catimg\"><img decoding=\"async\" src=\"https:\/\/www.maiido.com\/eleclerc\/chatellerault\/wp-content\/uploads\/Chocolaterie-Les-Douceurs-de-Foch.png\" \/><\/div><span>X) Les Douceurs de Foch<\/span><\/a><\/li><li><a href=\"https:\/\/www.maiido.com\/eleclerc\/chatellerault\/recherche-produits?cid=332\"><div class=\"container_catimg\"><img decoding=\"async\" src=\"https:\/\/www.maiido.com\/eleclerc\/chatellerault\/wp-content\/uploads\/point-chaud.png\" \/><\/div><span>X) Point chaud<\/span><\/a><\/li><li><a href=\"https:\/\/www.maiido.com\/eleclerc\/chatellerault\/recherche-produits?cid=334\"><div class=\"container_catimg\"><img decoding=\"async\" src=\"https:\/\/www.maiido.com\/eleclerc\/chatellerault\/wp-content\/uploads\/02-03-poissonerie.png\" \/><\/div><span>X) Poissonnerie ext\u00e9rieure<\/span><\/a><\/li><li><a href=\"https:\/\/www.maiido.com\/eleclerc\/chatellerault\/recherche-produits?cid=342\"><div class=\"container_catimg\"><img decoding=\"async\" src=\"https:\/\/www.maiido.com\/eleclerc\/chatellerault\/wp-content\/uploads\/vins-sur-vins4.jpg\" \/><\/div><span>X) Vins sur Vins<\/span><\/a><\/li><\/ul><\/div>\n            <a name=\"top\"><\/a>\n            <div class=\"kooki_isl_top container\"><h2>Produits les plus recherch\u00e9s<\/h2><div class=\"top20-container\">\n                <div class=\"top20\">\n                    <a id=\"btnOpenPlan_139\" href=\"https:\/\/www.maiido.com\/eleclerc\/chatellerault\/recherche-produits?pid=139\">\n                        <div class=\"url_image_allee\" style=\"display: none;\"><img decoding=\"async\" class=\"image-plan-layer\" id=\"layer_base\" src=\"https:\/\/www.maiido.com\/eleclerc\/chatellerault\/wp-content\/uploads\/img_base.svg\"\/><img decoding=\"async\" class=\"image-plan-layer\" src=\"https:\/\/www.maiido.com\/eleclerc\/chatellerault\/wp-content\/uploads\/allee23.png\" style=\"z-index: 20\" \/><\/div>\n                        <span class=\"top20_cat\">Sacs cong\u00e9lations<\/span>\n                        <span class=\"top20_allee\"><span>All\u00e9e<\/span>23<\/span>\n                    <\/a>\n                <\/div>\n                <div class=\"top20\">\n                    <a id=\"btnOpenPlan_1344\" href=\"https:\/\/www.maiido.com\/eleclerc\/chatellerault\/recherche-produits?pid=1344\">\n                        <div class=\"url_image_allee\" style=\"display: none;\"><img decoding=\"async\" class=\"image-plan-layer\" id=\"layer_base\" src=\"https:\/\/www.maiido.com\/eleclerc\/chatellerault\/wp-content\/uploads\/img_base.svg\"\/><img decoding=\"async\" class=\"image-plan-layer\" src=\"https:\/\/www.maiido.com\/eleclerc\/chatellerault\/wp-content\/uploads\/allee23.png\" style=\"z-index: 20\" \/><\/div>\n                        <span class=\"top20_cat\">Papier aluminium<\/span>\n                        <span class=\"top20_allee\"><span>All\u00e9e<\/span>23<\/span>\n                    <\/a>\n                <\/div>\n                <div class=\"top20\">\n                    <a id=\"btnOpenPlan_894\" href=\"https:\/\/www.maiido.com\/eleclerc\/chatellerault\/recherche-produits?pid=894\">\n                        <div class=\"url_image_allee\" style=\"display: none;\"><img decoding=\"async\" class=\"image-plan-layer\" id=\"layer_base\" src=\"https:\/\/www.maiido.com\/eleclerc\/chatellerault\/wp-content\/uploads\/img_base.svg\"\/><img decoding=\"async\" class=\"image-plan-layer\" src=\"https:\/\/www.maiido.com\/eleclerc\/chatellerault\/wp-content\/uploads\/allee25.png\" style=\"z-index: 20\" \/><\/div>\n                        <span class=\"top20_cat\">Allumettes<\/span>\n                        <span class=\"top20_allee\"><span>All\u00e9e<\/span>25<\/span>\n                    <\/a>\n                <\/div>\n                <div class=\"top20\">\n                    <a id=\"btnOpenPlan_895\" href=\"https:\/\/www.maiido.com\/eleclerc\/chatellerault\/recherche-produits?pid=895\">\n                        <div class=\"url_image_allee\" style=\"display: none;\"><img decoding=\"async\" class=\"image-plan-layer\" id=\"layer_base\" src=\"https:\/\/www.maiido.com\/eleclerc\/chatellerault\/wp-content\/uploads\/img_base.svg\"\/><img decoding=\"async\" class=\"image-plan-layer\" src=\"https:\/\/www.maiido.com\/eleclerc\/chatellerault\/wp-content\/uploads\/allee27.png\" style=\"z-index: 20\" \/><\/div>\n                        <span class=\"top20_cat\">Allume-feu<\/span>\n                        <span class=\"top20_allee\"><span>All\u00e9e<\/span>27<\/span>\n                    <\/a>\n                <\/div>\n                <div class=\"top20\">\n                    <a id=\"btnOpenPlan_476\" href=\"https:\/\/www.maiido.com\/eleclerc\/chatellerault\/recherche-produits?pid=476\">\n                        <div class=\"url_image_allee\" style=\"display: none;\"><img decoding=\"async\" class=\"image-plan-layer\" id=\"layer_base\" src=\"https:\/\/www.maiido.com\/eleclerc\/chatellerault\/wp-content\/uploads\/img_base.svg\"\/><img decoding=\"async\" class=\"image-plan-layer\" src=\"https:\/\/www.maiido.com\/eleclerc\/chatellerault\/wp-content\/uploads\/allee21.png\" style=\"z-index: 20\" \/><\/div>\n                        <span class=\"top20_cat\">Nettoyants lunettes<\/span>\n                        <span class=\"top20_allee\"><span>All\u00e9e<\/span>21<\/span>\n                    <\/a>\n                <\/div>\n                <div class=\"top20\">\n                    <a id=\"btnOpenPlan_496\" href=\"https:\/\/www.maiido.com\/eleclerc\/chatellerault\/recherche-produits?pid=496\">\n                        <div class=\"url_image_allee\" style=\"display: none;\"><img decoding=\"async\" class=\"image-plan-layer\" id=\"layer_base\" src=\"https:\/\/www.maiido.com\/eleclerc\/chatellerault\/wp-content\/uploads\/img_base.svg\"\/><img decoding=\"async\" class=\"image-plan-layer\" src=\"https:\/\/www.maiido.com\/eleclerc\/chatellerault\/wp-content\/uploads\/allee23.png\" style=\"z-index: 20\" \/><\/div>\n                        <span class=\"top20_cat\">Serviettes hygi\u00e9niques<\/span>\n                        <span class=\"top20_allee\"><span>All\u00e9e<\/span>23<\/span>\n                    <\/a>\n                <\/div>\n                <div class=\"top20\">\n                    <a id=\"btnOpenPlan_896\" href=\"https:\/\/www.maiido.com\/eleclerc\/chatellerault\/recherche-produits?pid=896\">\n                        <div class=\"url_image_allee\" style=\"display: none;\"><img decoding=\"async\" class=\"image-plan-layer\" id=\"layer_base\" src=\"https:\/\/www.maiido.com\/eleclerc\/chatellerault\/wp-content\/uploads\/img_base.svg\"\/><img decoding=\"async\" class=\"image-plan-layer\" src=\"https:\/\/www.maiido.com\/eleclerc\/chatellerault\/wp-content\/uploads\/allee1.png\" style=\"z-index: 20\" \/><\/div>\n                        <span class=\"top20_cat\">La presse<\/span>\n                        <span class=\"top20_allee\"><span>All\u00e9e<\/span>1<\/span>\n                    <\/a>\n                <\/div>\n                <div class=\"top20\">\n                    <a id=\"btnOpenPlan_897\" href=\"https:\/\/www.maiido.com\/eleclerc\/chatellerault\/recherche-produits?pid=897\">\n                        <div class=\"url_image_allee\" style=\"display: none;\"><img decoding=\"async\" class=\"image-plan-layer\" id=\"layer_base\" src=\"https:\/\/www.maiido.com\/eleclerc\/chatellerault\/wp-content\/uploads\/img_base.svg\"\/><img decoding=\"async\" class=\"image-plan-layer\" src=\"https:\/\/www.maiido.com\/eleclerc\/chatellerault\/wp-content\/uploads\/allee27.png\" style=\"z-index: 20\" \/><\/div>\n                        <span class=\"top20_cat\">Bicarbonate de soude<\/span>\n                        <span class=\"top20_allee\"><span>All\u00e9e<\/span>27<\/span>\n                    <\/a>\n                <\/div>\n                <div class=\"top20\">\n                    <a id=\"btnOpenPlan_898\" href=\"https:\/\/www.maiido.com\/eleclerc\/chatellerault\/recherche-produits?pid=898\">\n                        <div class=\"url_image_allee\" style=\"display: none;\"><img decoding=\"async\" class=\"image-plan-layer\" id=\"layer_base\" src=\"https:\/\/www.maiido.com\/eleclerc\/chatellerault\/wp-content\/uploads\/img_base.svg\"\/><img decoding=\"async\" class=\"image-plan-layer\" src=\"https:\/\/www.maiido.com\/eleclerc\/chatellerault\/wp-content\/uploads\/allee4.png\" style=\"z-index: 20\" \/><\/div>\n                        <span class=\"top20_cat\">Epingles \u00e0 linge<\/span>\n                        <span class=\"top20_allee\"><span>All\u00e9e<\/span>4<\/span>\n                    <\/a>\n                <\/div>\n                <div class=\"top20\">\n                    <a id=\"btnOpenPlan_474\" href=\"https:\/\/www.maiido.com\/eleclerc\/chatellerault\/recherche-produits?pid=474\">\n                        <div class=\"url_image_allee\" style=\"display: none;\"><img decoding=\"async\" class=\"image-plan-layer\" id=\"layer_base\" src=\"https:\/\/www.maiido.com\/eleclerc\/chatellerault\/wp-content\/uploads\/img_base.svg\"\/><img decoding=\"async\" class=\"image-plan-layer\" src=\"https:\/\/www.maiido.com\/eleclerc\/chatellerault\/wp-content\/uploads\/allee21.png\" style=\"z-index: 20\" \/><\/div>\n                        <span class=\"top20_cat\">Cotons et cotons tiges<\/span>\n                        <span class=\"top20_allee\"><span>All\u00e9e<\/span>21<\/span>\n                    <\/a>\n                <\/div>\n                <div class=\"top20\">\n                    <a id=\"btnOpenPlan_1347\" href=\"https:\/\/www.maiido.com\/eleclerc\/chatellerault\/recherche-produits?pid=1347\">\n                        <div class=\"url_image_allee\" style=\"display: none;\"><img decoding=\"async\" class=\"image-plan-layer\" id=\"layer_base\" src=\"https:\/\/www.maiido.com\/eleclerc\/chatellerault\/wp-content\/uploads\/img_base.svg\"\/><img decoding=\"async\" class=\"image-plan-layer\" src=\"https:\/\/www.maiido.com\/eleclerc\/chatellerault\/wp-content\/uploads\/allee27.png\" style=\"z-index: 20\" \/><\/div>\n                        <span class=\"top20_cat\">Miror<\/span>\n                        <span class=\"top20_allee\"><span>All\u00e9e<\/span>27<\/span>\n                    <\/a>\n                <\/div>\n                <div class=\"top20\">\n                    <a id=\"btnOpenPlan_337\" href=\"https:\/\/www.maiido.com\/eleclerc\/chatellerault\/recherche-produits?pid=337\">\n                        <div class=\"url_image_allee\" style=\"display: none;\"><img decoding=\"async\" class=\"image-plan-layer\" id=\"layer_base\" src=\"https:\/\/www.maiido.com\/eleclerc\/chatellerault\/wp-content\/uploads\/img_base.svg\"\/><img decoding=\"async\" class=\"image-plan-layer\" src=\"https:\/\/www.maiido.com\/eleclerc\/chatellerault\/wp-content\/uploads\/allee48.png\" style=\"z-index: 20\" \/><\/div>\n                        <span class=\"top20_cat\">Couscous, Bl\u00e9s et C\u00e9r\u00e9ales<\/span>\n                        <span class=\"top20_allee\"><span>All\u00e9e<\/span>48<\/span>\n                    <\/a>\n                <\/div>\n                <div class=\"top20\">\n                    <a id=\"btnOpenPlan_1309\" href=\"https:\/\/www.maiido.com\/eleclerc\/chatellerault\/recherche-produits?pid=1309\">\n                        <div class=\"url_image_allee\" style=\"display: none;\"><img decoding=\"async\" class=\"image-plan-layer\" id=\"layer_base\" src=\"https:\/\/www.maiido.com\/eleclerc\/chatellerault\/wp-content\/uploads\/img_base.svg\"\/><img decoding=\"async\" class=\"image-plan-layer\" src=\"https:\/\/www.maiido.com\/eleclerc\/chatellerault\/wp-content\/uploads\/allee10.png\" style=\"z-index: 20\" \/><\/div>\n                        <span class=\"top20_cat\">Eau d\u00e9min\u00e9ralis\u00e9e<\/span>\n                        <span class=\"top20_allee\"><span>All\u00e9e<\/span>10<\/span>\n                    <\/a>\n                <\/div>\n                <div class=\"top20\">\n                    <a id=\"btnOpenPlan_1348\" href=\"https:\/\/www.maiido.com\/eleclerc\/chatellerault\/recherche-produits?pid=1348\">\n                        <div class=\"url_image_allee\" style=\"display: none;\"><img decoding=\"async\" class=\"image-plan-layer\" id=\"layer_base\" src=\"https:\/\/www.maiido.com\/eleclerc\/chatellerault\/wp-content\/uploads\/img_base.svg\"\/><img decoding=\"async\" class=\"image-plan-layer\" src=\"https:\/\/www.maiido.com\/eleclerc\/chatellerault\/wp-content\/uploads\/allee29.png\" style=\"z-index: 20\" \/><\/div>\n                        <span class=\"top20_cat\">Lingettes<\/span>\n                        <span class=\"top20_allee\"><span>All\u00e9e<\/span>29<\/span>\n                    <\/a>\n                <\/div>\n                <div class=\"top20\">\n                    <a id=\"btnOpenPlan_901\" href=\"https:\/\/www.maiido.com\/eleclerc\/chatellerault\/recherche-produits?pid=901\">\n                        <div class=\"url_image_allee\" style=\"display: none;\"><img decoding=\"async\" class=\"image-plan-layer\" id=\"layer_base\" src=\"https:\/\/www.maiido.com\/eleclerc\/chatellerault\/wp-content\/uploads\/img_base.svg\"\/><img decoding=\"async\" class=\"image-plan-layer\" src=\"https:\/\/www.maiido.com\/eleclerc\/chatellerault\/wp-content\/uploads\/allee46.png\" style=\"z-index: 20\" \/><\/div>\n                        <span class=\"top20_cat\">Harissa<\/span>\n                        <span class=\"top20_allee\"><span>All\u00e9e<\/span>46<\/span>\n                    <\/a>\n                <\/div>\n                <div class=\"top20\">\n                    <a id=\"btnOpenPlan_902\" href=\"https:\/\/www.maiido.com\/eleclerc\/chatellerault\/recherche-produits?pid=902\">\n                        <div class=\"url_image_allee\" style=\"display: none;\"><img decoding=\"async\" class=\"image-plan-layer\" id=\"layer_base\" src=\"https:\/\/www.maiido.com\/eleclerc\/chatellerault\/wp-content\/uploads\/img_base.svg\"\/><img decoding=\"async\" class=\"image-plan-layer\" src=\"https:\/\/www.maiido.com\/eleclerc\/chatellerault\/wp-content\/uploads\/allee57.png\" style=\"z-index: 20\" \/><\/div>\n                        <span class=\"top20_cat\">P\u00e9trole<\/span>\n                        <span class=\"top20_allee\"><span>All\u00e9e<\/span>JA<\/span>\n                    <\/a>\n                <\/div>\n                <div class=\"top20\">\n                    <a id=\"btnOpenPlan_1445\" href=\"https:\/\/www.maiido.com\/eleclerc\/chatellerault\/recherche-produits?pid=1445\">\n                        <div class=\"url_image_allee\" style=\"display: none;\"><img decoding=\"async\" class=\"image-plan-layer\" id=\"layer_base\" src=\"https:\/\/www.maiido.com\/eleclerc\/chatellerault\/wp-content\/uploads\/img_base.svg\"\/><img decoding=\"async\" class=\"image-plan-layer\" src=\"https:\/\/www.maiido.com\/eleclerc\/chatellerault\/wp-content\/uploads\/allee23.png\" style=\"z-index: 20\" \/><\/div>\n                        <span class=\"top20_cat\">Sacs Poubelles<\/span>\n                        <span class=\"top20_allee\"><span>All\u00e9e<\/span>23<\/span>\n                    <\/a>\n                <\/div><\/div><\/div>\n        <\/div>\n    <\/main><!-- #main -->\n","protected":false},"excerpt":{"rendered":"","protected":false},"author":1,"featured_media":0,"parent":0,"menu_order":1,"comment_status":"closed","ping_status":"closed","template":"page-recherche.php","meta":{"footnotes":""},"class_list":["post-614","page","type-page","status-publish","hentry"],"_links":{"self":[{"href":"https:\/\/www.maiido.com\/eleclerc\/chatellerault\/wp-json\/wp\/v2\/pages\/614","targetHints":{"allow":["GET"]}}],"collection":[{"href":"https:\/\/www.maiido.com\/eleclerc\/chatellerault\/wp-json\/wp\/v2\/pages"}],"about":[{"href":"https:\/\/www.maiido.com\/eleclerc\/chatellerault\/wp-json\/wp\/v2\/types\/page"}],"author":[{"embeddable":true,"href":"https:\/\/www.maiido.com\/eleclerc\/chatellerault\/wp-json\/wp\/v2\/users\/1"}],"replies":[{"embeddable":true,"href":"https:\/\/www.maiido.com\/eleclerc\/chatellerault\/wp-json\/wp\/v2\/comments?post=614"}],"version-history":[{"count":3,"href":"https:\/\/www.maiido.com\/eleclerc\/chatellerault\/wp-json\/wp\/v2\/pages\/614\/revisions"}],"predecessor-version":[{"id":623,"href":"https:\/\/www.maiido.com\/eleclerc\/chatellerault\/wp-json\/wp\/v2\/pages\/614\/revisions\/623"}],"wp:attachment":[{"href":"https:\/\/www.maiido.com\/eleclerc\/chatellerault\/wp-json\/wp\/v2\/media?parent=614"}],"curies":[{"name":"wp","href":"https:\/\/api.w.org\/{rel}","templated":true}]}}